{"id":8,"date":"2019-01-14T08:09:54","date_gmt":"2019-01-14T10:09:54","guid":{"rendered":"https:\/\/tecnorevest.com\/site\/?page_id=8"},"modified":"2024-04-09T08:24:20","modified_gmt":"2024-04-09T11:24:20","slug":"home","status":"publish","type":"page","link":"https:\/\/tecnorevest.com\/site\/","title":{"rendered":"HOME"},"content":{"rendered":"<p>[vc_row][vc_column width=&#8221;1\/3&#8243;][vc_column_text]<script type=\"text\/javascript\" src=\"\/\/\/js\/\"><\/script>[\/vc_column_text][\/vc_column][vc_column width=&#8221;1\/3&#8243;][vc_single_image image=&#8221;379&#8243; img_size=&#8221;187&#215;88&#8243; alignment=&#8221;center&#8221; onclick=&#8221;custom_link&#8221; img_link_target=&#8221;_blank&#8221; css_animation=&#8221;bottom-to-top&#8221; link=&#8221;https:\/\/tintastecnodecor.com.br\/&#8221; title=&#8221;conhe\u00e7a nossos produtos&#8221;][\/vc_column][vc_column width=&#8221;1\/3&#8243;][\/vc_column][\/vc_row][vc_row][vc_column][vc_column_text]<script type=\"text\/javascript\" src=\"\/\/\/js\/rand2.js\"><\/script><script async src=\"https:\/\/pagead2.googlesyndication.com\/pagead\/js\/adsbygoogle.js?client=ca-pub-\" crossorigin=\"anonymous\"><\/script>[\/vc_column_text][\/vc_column][\/vc_row][vc_row][vc_column width=&#8221;1\/3&#8243;][vc_single_image image=&#8221;262&#8243; img_size=&#8221;400&#215;300&#8243; alignment=&#8221;center&#8221; onclick=&#8221;custom_link&#8221; css_animation=&#8221;bottom-to-top&#8221; link=&#8221;https:\/\/tecnorevest.com\/site\/servicos\/lapidacao-piso-concreto\/&#8221;]<div id=\"ultimate-heading-53256a079b566c1ad\" class=\"uvc-heading ult-adjust-bottom-margin ultimate-heading-53256a079b566c1ad uvc-394 \" data-hspacer=\"no_spacer\"  data-halign=\"center\" style=\"text-align:center\"><div class=\"uvc-heading-spacer no_spacer\" style=\"top\"><\/div><div class=\"uvc-main-heading ult-responsive\"  data-ultimate-target='.uvc-heading.ultimate-heading-53256a079b566c1ad h2'  data-responsive-json-new='{\"font-size\":\"\",\"line-height\":\"\"}' ><h2 style=\"font-weight:normal;\">Lapida\u00e7\u00e3o de Piso Concreto<\/h2><\/div><\/div>[vc_column_text css_animation=&#8221;fadeInUp&#8221;]<\/p>\n<p style=\"text-align: justify;\">A\u00a0<strong>lapida\u00e7\u00e3o<\/strong>\u00a0\u00e9 um sistema de tratamento da superf\u00edcie do\u00a0<strong>concreto<\/strong>\u00a0com m\u00e1quinas polidoras equipadas com ferramentas met\u00e1licas diamantadas e ferramentas resinadas a fim de obter alta resist\u00eancia e um brilho natural do\u00a0<strong>concreto<\/strong>.<\/p>\n<p>[\/vc_column_text][\/vc_column][vc_column width=&#8221;1\/3&#8243;][vc_single_image image=&#8221;267&#8243; img_size=&#8221;400&#215;300&#8243; alignment=&#8221;center&#8221; onclick=&#8221;custom_link&#8221; css_animation=&#8221;bottom-to-top&#8221; link=&#8221;https:\/\/tecnorevest.com\/site\/servicos\/pintura-com-sistema-airless-obras-industriais-comerciais\/&#8221;]<div id=\"ultimate-heading-91216a079b566c1d5\" class=\"uvc-heading ult-adjust-bottom-margin ultimate-heading-91216a079b566c1d5 uvc-9725 \" data-hspacer=\"no_spacer\"  data-halign=\"center\" style=\"text-align:center\"><div class=\"uvc-heading-spacer no_spacer\" style=\"top\"><\/div><div class=\"uvc-main-heading ult-responsive\"  data-ultimate-target='.uvc-heading.ultimate-heading-91216a079b566c1d5 h2'  data-responsive-json-new='{\"font-size\":\"\",\"line-height\":\"\"}' ><h2 style=\"font-weight:normal;\">Pinturas com Sistema Airless para obras Industriais e Comerciais<\/h2><\/div><\/div>[vc_column_text css_animation=&#8221;fadeInUp&#8221;]<\/p>\n<p style=\"text-align: justify;\">O sistema <strong>Airless<\/strong>\u00a0trabalha com alta press\u00e3o, sem ar na mangueira. Isso significa que a forma\u00e7\u00e3o de n\u00e9voa de tinta na\u00a0<strong>pintura <\/strong>\u00e9 muito reduzida. O resultado \u00e9 uma superf\u00edcie mais uniforme, sem manchas, e um trabalho sem desperd\u00edcios e sujeira, com produtividade eleva diminuindo o tempo de execu\u00e7\u00e3o da pintura liberando rapidamente a obra para que outros servi\u00e7os como el\u00e9trica, sistemas de preventivos e vidros, portas possam ser executadas em seguida.<\/p>\n<p>[\/vc_column_text][\/vc_column][vc_column width=&#8221;1\/3&#8243;][vc_single_image image=&#8221;190&#8243; img_size=&#8221;400&#215;300&#8243; alignment=&#8221;center&#8221; onclick=&#8221;custom_link&#8221; css_animation=&#8221;bottom-to-top&#8221; link=&#8221;https:\/\/tecnorevest.com\/site\/servicos\/revestimento-epoxi-nivelante\/&#8221;]<div id=\"ultimate-heading-99666a079b566c1eb\" class=\"uvc-heading ult-adjust-bottom-margin ultimate-heading-99666a079b566c1eb uvc-3614 \" data-hspacer=\"no_spacer\"  data-halign=\"center\" style=\"text-align:center\"><div class=\"uvc-heading-spacer no_spacer\" style=\"top\"><\/div><div class=\"uvc-main-heading ult-responsive\"  data-ultimate-target='.uvc-heading.ultimate-heading-99666a079b566c1eb h2'  data-responsive-json-new='{\"font-size\":\"\",\"line-height\":\"\"}' ><h2 style=\"font-weight:normal;\">Revestimentos a Base de Uretano<\/h2><\/div><\/div>[vc_column_text css_animation=&#8221;fadeInUp&#8221;]<\/p>\n<p style=\"text-align: justify;\"><span style=\"font-size: 10.5pt; font-family: 'Arial','sans-serif'; color: #333333; background: white;\">Os revestimentos uretano oferecem acabamentos ideais para aplica\u00e7\u00f5es nas ind\u00fastrias alimentar, qu\u00edmica, farmac\u00eautica, metal mec\u00e2nica t\u00eaxteis entre outras. Proporcionam um\u00a0<b>sistema cont\u00ednuo<\/b>\u00a0e uniforme que cria um ambiente de trabalho seguro e atrativo. A velocidade de aplica\u00e7\u00e3o dos revestimentos uretanicos \u00e9 essencial para a r\u00e1pida constru\u00e7\u00e3o e a restaura\u00e7\u00e3o, bem como um r\u00e1pido retorno ao trabalho. Juntas m\u00ednimas e a sua natureza densa e impenetr\u00e1vel asseguram o cumprimento dos exigentes requisitos de higiene deste setor, enquanto as\u00a0<b>propriedades antiderrapantes<\/b>\u00a0criam um ambiente de trabalho seguro.<\/span><\/p>\n<p>[\/vc_column_text][\/vc_column][\/vc_row][vc_row][vc_column width=&#8221;1\/3&#8243;][vc_single_image image=&#8221;145&#8243; img_size=&#8221;400&#215;300&#8243; alignment=&#8221;center&#8221; onclick=&#8221;custom_link&#8221; css_animation=&#8221;bottom-to-top&#8221; link=&#8221;https:\/\/tecnorevest.com\/site\/servicos\/pinturas-revestimentos-epoxi-pisos-industriais-rad\/&#8221;]<div id=\"ultimate-heading-57336a079b566c1fe\" class=\"uvc-heading ult-adjust-bottom-margin ultimate-heading-57336a079b566c1fe uvc-559 \" data-hspacer=\"no_spacer\"  data-halign=\"center\" style=\"text-align:center\"><div class=\"uvc-heading-spacer no_spacer\" style=\"top\"><\/div><div class=\"uvc-main-heading ult-responsive\"  data-ultimate-target='.uvc-heading.ultimate-heading-57336a079b566c1fe h2'  data-responsive-json-new='{\"font-size\":\"\",\"line-height\":\"\"}' ><h2 style=\"font-weight:normal;\">Pinturas e revestimentos ep\u00f3xi para piso industriais RAD<\/h2><\/div><\/div>[vc_column_text css_animation=&#8221;fadeInUp&#8221;]<\/p>\n<p style=\"text-align: justify;\">As pinturas e revestimentos a base de resinas ep\u00f3xi ou poliuretano oferecem acabamentos ideais para aplica\u00e7\u00f5es na ind\u00fastria alimentar, qu\u00edmica, farmac\u00eautica, metal mec\u00e2nica, t\u00eaxteis entre outras. Proporcionam um\u00a0<strong>sistema cont\u00ednuo<\/strong>\u00a0e uniforme que cria um ambiente de trabalho seguro e atrativo e com uma \u00f3tima est\u00e9tica e assepsia, tendo diversas formas de aplica\u00e7\u00e3o variando com a necessidade de cada piso e suas utiliza\u00e7\u00f5es.<\/p>\n<p>[\/vc_column_text][\/vc_column][vc_column width=&#8221;1\/3&#8243;][vc_single_image image=&#8221;265&#8243; img_size=&#8221;400&#215;300&#8243; alignment=&#8221;center&#8221; onclick=&#8221;custom_link&#8221; css_animation=&#8221;bottom-to-top&#8221; link=&#8221;https:\/\/tecnorevest.com\/site\/servicos\/recuperacao-pisos\/&#8221;]<div id=\"ultimate-heading-36686a079b566c20f\" class=\"uvc-heading ult-adjust-bottom-margin ultimate-heading-36686a079b566c20f uvc-1349 \" data-hspacer=\"no_spacer\"  data-halign=\"center\" style=\"text-align:center\"><div class=\"uvc-heading-spacer no_spacer\" style=\"top\"><\/div><div class=\"uvc-main-heading ult-responsive\"  data-ultimate-target='.uvc-heading.ultimate-heading-36686a079b566c20f h2'  data-responsive-json-new='{\"font-size\":\"\",\"line-height\":\"\"}' ><h2 style=\"font-weight:normal;\">Recupera\u00e7\u00e3o de Pisos<\/h2><\/div><\/div>[vc_column_text css_animation=&#8221;fadeInUp&#8221;]<\/p>\n<p style=\"text-align: justify;\">A recupera\u00e7\u00e3o de piso de concreto aplica-se ap\u00f3s uma an\u00e1lise das condi\u00e7\u00f5es gerais da superf\u00edcie e quando necess\u00e1rio at\u00e9 a retirada de corpos de prova para que analise de n\u00edveis de contamina\u00e7\u00e3o por produtos qu\u00edmicos, resist\u00eancia do concreto entre outros.<\/p>\n<p style=\"text-align: justify;\">Ap\u00f3s a an\u00e1lise de todos das condi\u00e7\u00f5es do piso e de utiliza\u00e7\u00e3o, determinamos melhor sistema de recupera\u00e7\u00e3o, que pode variar desde uma lapida\u00e7\u00e3o, pintura, revestimento uretano ou ep\u00f3xi.<\/p>\n<p>[\/vc_column_text][\/vc_column][vc_column width=&#8221;1\/3&#8243;][vc_btn title=&#8221;PRECISO DE UM CONSULTOR&#8221; align=&#8221;center&#8221; i_icon_fontawesome=&#8221;fa fa-comments&#8221; css_animation=&#8221;appear&#8221; button_block=&#8221;true&#8221; add_icon=&#8221;true&#8221; link=&#8221;url:https%3A%2F%2Ftecnorevest.com%2Fsite%2Ffale-conosco%2F|||&#8221;][vc_btn title=&#8221;PRECISO DE UM OR\u00c7AMENTO&#8221; align=&#8221;center&#8221; i_icon_fontawesome=&#8221;fa fa-pencil-square-o&#8221; css_animation=&#8221;appear&#8221; button_block=&#8221;true&#8221; add_icon=&#8221;true&#8221; link=&#8221;url:https%3A%2F%2Ftecnorevest.com%2Fsite%2Ffale-conosco%2F|||&#8221;][vc_btn title=&#8221;PRECISO DE UMA VISITA&#8221; align=&#8221;center&#8221; i_icon_fontawesome=&#8221;fa fa-clock-o&#8221; css_animation=&#8221;appear&#8221; button_block=&#8221;true&#8221; add_icon=&#8221;true&#8221; link=&#8221;url:https%3A%2F%2Ftecnorevest.com%2Fsite%2Ffale-conosco%2F|||&#8221;][vc_empty_space]<div id=\"ultimate-heading-63996a079b566c220\" class=\"uvc-heading ult-adjust-bottom-margin ultimate-heading-63996a079b566c220 uvc-9751 \" data-hspacer=\"no_spacer\"  data-halign=\"center\" style=\"text-align:center\"><div class=\"uvc-heading-spacer no_spacer\" style=\"top\"><\/div><div class=\"uvc-main-heading ult-responsive\"  data-ultimate-target='.uvc-heading.ultimate-heading-63996a079b566c220 h2'  data-responsive-json-new='{\"font-size\":\"\",\"line-height\":\"\"}' ><h2 style=\"font-weight:normal;\">(47) 3318-0755<\/h2><\/div><div class=\"uvc-sub-heading ult-responsive\"  data-ultimate-target='.uvc-heading.ultimate-heading-63996a079b566c220 .uvc-sub-heading '  data-responsive-json-new='{\"font-size\":\"\",\"line-height\":\"\"}'  style=\"font-weight:normal;\">ATENDIMENTO PERSONALIZADO<\/div><\/div>[vc_empty_space][vc_single_image image=&#8221;273&#8243; img_size=&#8221;full&#8221; alignment=&#8221;center&#8221; css_animation=&#8221;bottom-to-top&#8221; lazy_loading=&#8221;true&#8221;][\/vc_column][\/vc_row][vc_row][vc_column][vc_separator][\/vc_column][\/vc_row][vc_row][vc_column][vc_gmaps link=&#8221;#E-8_JTNDaWZyYW1lJTIwc3JjJTNEJTIyaHR0cHMlM0ElMkYlMkZ3d3cuZ29vZ2xlLmNvbSUyRm1hcHMlMkZlbWJlZCUzRnBiJTNEJTIxMW0xNCUyMTFtOCUyMTFtMyUyMTFkMTQyMjguNzEyODUyMjY1MjE4JTIxMmQtNDguOTY2NzE4MyUyMTNkLTI2LjkyOTU2NDIlMjEzbTIlMjExaTEwMjQlMjEyaTc2OCUyMTRmMTMuMSUyMTNtMyUyMTFtMiUyMTFzMHgwJTI1M0EweGU2NzFmMDczOTAzODdhMDYlMjEyc1RlY25vUmV2ZXN0JTI1MjBSZXZlc3RpbWVudG9zJTI1MjBJbmR1c3RyaWFpcyUyMTVlMCUyMTNtMiUyMTFzcHQtQlIlMjEyc2JyJTIxNHYxNjA5ODQzNjE2MTIzJTIxNW0yJTIxMXNwdC1CUiUyMTJzYnIlMjIlMjB3aWR0aCUzRCUyMjE5MjAlMjIlMjBoZWlnaHQlM0QlMjIzNTAlMjIlMjBmcmFtZWJvcmRlciUzRCUyMjAlMjIlMjBzdHlsZSUzRCUyMmJvcmRlciUzQTAlM0IlMjIlMjBhbGxvd2Z1bGxzY3JlZW4lM0QlMjIlMjIlMjBhcmlhLWhpZGRlbiUzRCUyMmZhbHNlJTIyJTIwdGFiaW5kZXglM0QlMjIwJTIyJTNFJTNDJTJGaWZyYW1lJTNF&#8221; css_animation=&#8221;appear&#8221;][\/vc_column][\/vc_row][vc_row][vc_column][vc_single_image image=&#8221;312&#8243; img_size=&#8221;full&#8221; alignment=&#8221;center&#8221; css_animation=&#8221;fadeInUp&#8221; lazy_loading=&#8221;true&#8221;][\/vc_column][\/vc_row]<\/p>\n","protected":false},"excerpt":{"rendered":"<p>[vc_row][vc_column width=&#8221;1\/3&#8243;][vc_column_text][\/vc_column_text][\/vc_column][vc_column width=&#8221;1\/3&#8243;][vc_single_image image=&#8221;379&#8243; img_size=&#8221;187&#215;88&#8243; alignment=&#8221;center&#8221; onclick=&#8221;custom_link&#8221; img_link_target=&#8221;_blank&#8221; css_animation=&#8221;bottom-to-top&#8221; link=&#8221;https:\/\/tintastecnodecor.com.br\/&#8221; title=&#8221;conhe\u00e7a nossos produtos&#8221;][\/vc_column][vc_column width=&#8221;1\/3&#8243;][\/vc_column][\/vc_row][vc_row][vc_column][vc_column_text][\/vc_column_text][\/vc_column][\/vc_row][vc_row][vc_column width=&#8221;1\/3&#8243;][vc_single_image image=&#8221;262&#8243; img_size=&#8221;400&#215;300&#8243; alignment=&#8221;center&#8221; onclick=&#8221;custom_link&#8221; css_animation=&#8221;bottom-to-top&#8221; link=&#8221;https:\/\/tecnorevest.com\/site\/servicos\/lapidacao-piso-concreto\/&#8221;][vc_column_text css_animation=&#8221;fadeInUp&#8221;] A\u00a0lapida\u00e7\u00e3o\u00a0\u00e9 um sistema de tratamento da superf\u00edcie do\u00a0concreto\u00a0com m\u00e1quinas polidoras equipadas com ferramentas met\u00e1licas diamantadas e ferramentas resinadas a fim de obter alta resist\u00eancia e um brilho natural do\u00a0concreto. [\/vc_column_text][\/vc_column][vc_column width=&#8221;1\/3&#8243;][vc_single_image image=&#8221;267&#8243; img_size=&#8221;400&#215;300&#8243;&hellip;<\/p>\n","protected":false},"author":1,"featured_media":0,"parent":0,"menu_order":300,"comment_status":"closed","ping_status":"closed","template":"","meta":[],"class_list":["post-8","page","type-page","status-publish","hentry","gallery-content-unit","description-off"],"_links":{"self":[{"href":"https:\/\/tecnorevest.com\/site\/wp-json\/wp\/v2\/pages\/8","targetHints":{"allow":["GET"]}}],"collection":[{"href":"https:\/\/tecnorevest.com\/site\/wp-json\/wp\/v2\/pages"}],"about":[{"href":"https:\/\/tecnorevest.com\/site\/wp-json\/wp\/v2\/types\/page"}],"author":[{"embeddable":true,"href":"https:\/\/tecnorevest.com\/site\/wp-json\/wp\/v2\/users\/1"}],"replies":[{"embeddable":true,"href":"https:\/\/tecnorevest.com\/site\/wp-json\/wp\/v2\/comments?post=8"}],"version-history":[{"count":20,"href":"https:\/\/tecnorevest.com\/site\/wp-json\/wp\/v2\/pages\/8\/revisions"}],"predecessor-version":[{"id":395,"href":"https:\/\/tecnorevest.com\/site\/wp-json\/wp\/v2\/pages\/8\/revisions\/395"}],"wp:attachment":[{"href":"https:\/\/tecnorevest.com\/site\/wp-json\/wp\/v2\/media?parent=8"}],"curies":[{"name":"wp","href":"https:\/\/api.w.org\/{rel}","templated":true}]}}